{"id":512,"date":"2018-12-24T09:35:05","date_gmt":"2018-12-24T09:35:05","guid":{"rendered":"http:\/\/e-matthias.com.pl\/?page_id=512"},"modified":"2024-05-28T06:58:14","modified_gmt":"2024-05-28T06:58:14","slug":"posadzki-przemyslowe-i-zywiczne","status":"publish","type":"page","link":"http:\/\/e-matthias.com.pl\/?page_id=512","title":{"rendered":"Remont, termomodernizacja  i malowanie elewacji budynk\u00f3w"},"content":{"rendered":"\r\n<p>Wykonujemy termomodernizacje elewacji z wyko\u0144czeniem tynkiem strukturalnym.<\/p>\r\n\r\n\r\n\r\n<p>Malujemy i od\u015bwie\u017camy elewacje z rusztowa\u0144, podno\u015bnik\u00f3w oraz technik linowych.<\/p>\r\n\r\n\r\n\r\n\r\n\r\n<p><a href=\"http:\/\/e-matthias.com.pl\/wp-content\/uploads\/2024\/05\/IMG_20190920_101009.jpg\"><img loading=\"lazy\" decoding=\"async\" class=\"size-medium wp-image-605 alignleft\" src=\"http:\/\/e-matthias.com.pl\/wp-content\/uploads\/2024\/05\/IMG_20190920_101009-225x300.jpg\" alt=\"\" width=\"225\" height=\"300\" srcset=\"http:\/\/e-matthias.com.pl\/wp-content\/uploads\/2024\/05\/IMG_20190920_101009-225x300.jpg 225w, http:\/\/e-matthias.com.pl\/wp-content\/uploads\/2024\/05\/IMG_20190920_101009-230x306.jpg 230w, http:\/\/e-matthias.com.pl\/wp-content\/uploads\/2024\/05\/IMG_20190920_101009-350x466.jpg 350w, http:\/\/e-matthias.com.pl\/wp-content\/uploads\/2024\/05\/IMG_20190920_101009.jpg 458w\" sizes=\"auto, (max-width: 225px) 100vw, 225px\" \/><\/a> <a href=\"http:\/\/e-matthias.com.pl\/wp-content\/uploads\/2021\/01\/IMG_20201201_143423.jpg\"><img loading=\"lazy\" decoding=\"async\" class=\"aligncenter size-medium wp-image-579\" src=\"http:\/\/e-matthias.com.pl\/wp-content\/uploads\/2021\/01\/IMG_20201201_143423-225x300.jpg\" alt=\"\" width=\"225\" height=\"300\" srcset=\"http:\/\/e-matthias.com.pl\/wp-content\/uploads\/2021\/01\/IMG_20201201_143423-225x300.jpg 225w, http:\/\/e-matthias.com.pl\/wp-content\/uploads\/2021\/01\/IMG_20201201_143423-768x1024.jpg 768w, http:\/\/e-matthias.com.pl\/wp-content\/uploads\/2021\/01\/IMG_20201201_143423-1152x1536.jpg 1152w, http:\/\/e-matthias.com.pl\/wp-content\/uploads\/2021\/01\/IMG_20201201_143423-830x1107.jpg 830w, http:\/\/e-matthias.com.pl\/wp-content\/uploads\/2021\/01\/IMG_20201201_143423-230x307.jpg 230w, http:\/\/e-matthias.com.pl\/wp-content\/uploads\/2021\/01\/IMG_20201201_143423-350x467.jpg 350w, http:\/\/e-matthias.com.pl\/wp-content\/uploads\/2021\/01\/IMG_20201201_143423-480x640.jpg 480w, http:\/\/e-matthias.com.pl\/wp-content\/uploads\/2021\/01\/IMG_20201201_143423.jpg 1200w\" sizes=\"auto, (max-width: 225px) 100vw, 225px\" \/><\/a><\/p>\r\n<p><a href=\"http:\/\/e-matthias.com.pl\/wp-content\/uploads\/2021\/01\/IMG_20191024_103250-scaled.jpg\"><img loading=\"lazy\" decoding=\"async\" class=\"size-medium wp-image-578 alignleft\" src=\"http:\/\/e-matthias.com.pl\/wp-content\/uploads\/2021\/01\/IMG_20191024_103250-225x300.jpg\" alt=\"\" width=\"225\" height=\"300\" srcset=\"http:\/\/e-matthias.com.pl\/wp-content\/uploads\/2021\/01\/IMG_20191024_103250-225x300.jpg 225w, http:\/\/e-matthias.com.pl\/wp-content\/uploads\/2021\/01\/IMG_20191024_103250-768x1024.jpg 768w, http:\/\/e-matthias.com.pl\/wp-content\/uploads\/2021\/01\/IMG_20191024_103250-1152x1536.jpg 1152w, http:\/\/e-matthias.com.pl\/wp-content\/uploads\/2021\/01\/IMG_20191024_103250-1536x2048.jpg 1536w, http:\/\/e-matthias.com.pl\/wp-content\/uploads\/2021\/01\/IMG_20191024_103250-830x1107.jpg 830w, http:\/\/e-matthias.com.pl\/wp-content\/uploads\/2021\/01\/IMG_20191024_103250-230x307.jpg 230w, http:\/\/e-matthias.com.pl\/wp-content\/uploads\/2021\/01\/IMG_20191024_103250-350x467.jpg 350w, http:\/\/e-matthias.com.pl\/wp-content\/uploads\/2021\/01\/IMG_20191024_103250-480x640.jpg 480w, http:\/\/e-matthias.com.pl\/wp-content\/uploads\/2021\/01\/IMG_20191024_103250-scaled.jpg 1920w\" sizes=\"auto, (max-width: 225px) 100vw, 225px\" \/><\/a> <a href=\"http:\/\/e-matthias.com.pl\/wp-content\/uploads\/2021\/01\/IMG_20201008_102330-1.jpg\"><img loading=\"lazy\" decoding=\"async\" class=\"aligncenter size-medium wp-image-577\" src=\"http:\/\/e-matthias.com.pl\/wp-content\/uploads\/2021\/01\/IMG_20201008_102330-1-225x300.jpg\" alt=\"\" width=\"225\" height=\"300\" srcset=\"http:\/\/e-matthias.com.pl\/wp-content\/uploads\/2021\/01\/IMG_20201008_102330-1-225x300.jpg 225w, http:\/\/e-matthias.com.pl\/wp-content\/uploads\/2021\/01\/IMG_20201008_102330-1-768x1024.jpg 768w, http:\/\/e-matthias.com.pl\/wp-content\/uploads\/2021\/01\/IMG_20201008_102330-1-1152x1536.jpg 1152w, http:\/\/e-matthias.com.pl\/wp-content\/uploads\/2021\/01\/IMG_20201008_102330-1-830x1107.jpg 830w, http:\/\/e-matthias.com.pl\/wp-content\/uploads\/2021\/01\/IMG_20201008_102330-1-230x307.jpg 230w, http:\/\/e-matthias.com.pl\/wp-content\/uploads\/2021\/01\/IMG_20201008_102330-1-350x467.jpg 350w, http:\/\/e-matthias.com.pl\/wp-content\/uploads\/2021\/01\/IMG_20201008_102330-1-480x640.jpg 480w, http:\/\/e-matthias.com.pl\/wp-content\/uploads\/2021\/01\/IMG_20201008_102330-1.jpg 1200w\" sizes=\"auto, (max-width: 225px) 100vw, 225px\" \/><\/a><\/p>","protected":false},"excerpt":{"rendered":"<p>Wykonujemy termomodernizacje elewacji z wyko\u0144czeniem tynkiem strukturalnym. Malujemy i od\u015bwie\u017camy elewacje z rusztowa\u0144, podno\u015bnik\u00f3w oraz technik linowych.<\/p>\n","protected":false},"author":1,"featured_media":0,"parent":359,"menu_order":0,"comment_status":"closed","ping_status":"closed","template":"","meta":{"ngg_post_thumbnail":0,"footnotes":""},"class_list":["post-512","page","type-page","status-publish","hentry"],"_links":{"self":[{"href":"http:\/\/e-matthias.com.pl\/index.php?rest_route=\/wp\/v2\/pages\/512","targetHints":{"allow":["GET"]}}],"collection":[{"href":"http:\/\/e-matthias.com.pl\/index.php?rest_route=\/wp\/v2\/pages"}],"about":[{"href":"http:\/\/e-matthias.com.pl\/index.php?rest_route=\/wp\/v2\/types\/page"}],"author":[{"embeddable":true,"href":"http:\/\/e-matthias.com.pl\/index.php?rest_route=\/wp\/v2\/users\/1"}],"replies":[{"embeddable":true,"href":"http:\/\/e-matthias.com.pl\/index.php?rest_route=%2Fwp%2Fv2%2Fcomments&post=512"}],"version-history":[{"count":9,"href":"http:\/\/e-matthias.com.pl\/index.php?rest_route=\/wp\/v2\/pages\/512\/revisions"}],"predecessor-version":[{"id":607,"href":"http:\/\/e-matthias.com.pl\/index.php?rest_route=\/wp\/v2\/pages\/512\/revisions\/607"}],"up":[{"embeddable":true,"href":"http:\/\/e-matthias.com.pl\/index.php?rest_route=\/wp\/v2\/pages\/359"}],"wp:attachment":[{"href":"http:\/\/e-matthias.com.pl\/index.php?rest_route=%2Fwp%2Fv2%2Fmedia&parent=512"}],"curies":[{"name":"wp","href":"https:\/\/api.w.org\/{rel}","templated":true}]}}