{"id":510,"date":"2018-12-24T09:34:31","date_gmt":"2018-12-24T09:34:31","guid":{"rendered":"http:\/\/e-matthias.com.pl\/?page_id=510"},"modified":"2024-05-28T07:09:09","modified_gmt":"2024-05-28T07:09:09","slug":"remonty-balkonow-i-tarasow","status":"publish","type":"page","link":"http:\/\/e-matthias.com.pl\/?page_id=510","title":{"rendered":"Remonty balkon\u00f3w i taras\u00f3w"},"content":{"rendered":"\r\n<p><strong>TRADYCYJNY REMONT BALKONU<\/strong><\/p>\r\n\r\n\r\n\r\n<ul class=\"wp-block-list\">\r\n<li>skucie i u\u0142o\u017cenie nowej betonowej p\u0142yty spadkowej<\/li>\r\n<li>za\u0142o\u017cenie izolacji szlamowej zbrojonej wtopion\u0105 w\u0142\u00f3knin\u0105 i siatk\u0105<\/li>\r\n<li>u\u0142o\u017cenie p\u0142ytek grysowych z fug\u0105 elastyczn\u0105<\/li>\r\n<\/ul>\r\n\r\n\r\n\r\n\r\n\r\n\r\n\r\n<p><strong>SYSTEM BEZ KLEJENIA P\u0141YTEK <\/strong><\/p>\r\n\r\n\r\n\r\n<p><strong>&nbsp;&nbsp;&nbsp;&nbsp;&nbsp;&nbsp;&nbsp;&nbsp; Jeden z najlepszych system\u00f3w wymy\u015blonych w ostatnich latach. Jego najwi\u0119ksz\u0105 zalet\u0105 jest brak przyklejania p\u0142ytek. Po wykonaniu izolacji oraz opierze\u0144, na stopkach uk\u0142adamy p\u0142ytki lub na legarach drewnian\u0105\\ PCV desk\u0119 tarasow\u0105. <\/strong><\/p>\r\n\r\n\r\n\r\n<figure class=\"wp-block-image\"><img loading=\"lazy\" decoding=\"async\" width=\"701\" height=\"340\" class=\"wp-image-528\" src=\"http:\/\/e-matthias.com.pl\/wp-content\/uploads\/2019\/01\/image-2.png\" alt=\"\" srcset=\"http:\/\/e-matthias.com.pl\/wp-content\/uploads\/2019\/01\/image-2.png 701w, http:\/\/e-matthias.com.pl\/wp-content\/uploads\/2019\/01\/image-2-300x146.png 300w, http:\/\/e-matthias.com.pl\/wp-content\/uploads\/2019\/01\/image-2-230x112.png 230w, http:\/\/e-matthias.com.pl\/wp-content\/uploads\/2019\/01\/image-2-350x170.png 350w, http:\/\/e-matthias.com.pl\/wp-content\/uploads\/2019\/01\/image-2-480x233.png 480w\" sizes=\"auto, (max-width: 701px) 100vw, 701px\" \/><\/figure>\r\n\r\n\r\n\r\n<p>&nbsp;<\/p>\r\n\r\n\r\n\r\n<p><strong>CA\u0141O\u015a\u0106 \u0141\u0104CZYMY Z OPIERZENIEM SYSTEMOWYM FIRMY PERFECTA &#8211; WENTYLACJA&nbsp;I&nbsp;OSUSZANIE&nbsp;BALKONU&nbsp;PRZY&nbsp;ODDZIA\u0141YWANIU&nbsp;CZYNNIK\u00d3W&nbsp;ZEWN\u0118TRZNYCH&nbsp;TO&nbsp;PODSTAWA<\/strong><\/p>\r\n\r\n\r\n\r\n<figure class=\"wp-block-image\"><img loading=\"lazy\" decoding=\"async\" width=\"520\" height=\"411\" class=\"wp-image-532\" src=\"http:\/\/e-matthias.com.pl\/wp-content\/uploads\/2019\/01\/05.jpg\" alt=\"\" srcset=\"http:\/\/e-matthias.com.pl\/wp-content\/uploads\/2019\/01\/05.jpg 520w, http:\/\/e-matthias.com.pl\/wp-content\/uploads\/2019\/01\/05-300x237.jpg 300w, http:\/\/e-matthias.com.pl\/wp-content\/uploads\/2019\/01\/05-230x182.jpg 230w, http:\/\/e-matthias.com.pl\/wp-content\/uploads\/2019\/01\/05-350x277.jpg 350w, http:\/\/e-matthias.com.pl\/wp-content\/uploads\/2019\/01\/05-480x379.jpg 480w\" sizes=\"auto, (max-width: 520px) 100vw, 520px\" \/><\/figure>\r\n\r\n\r\n\r\n<p><strong> &nbsp;<\/strong><\/p>\r\n\r\n\r\n\r\n<figure class=\"wp-block-image\"><img loading=\"lazy\" decoding=\"async\" width=\"520\" height=\"411\" class=\"wp-image-533\" src=\"http:\/\/e-matthias.com.pl\/wp-content\/uploads\/2019\/01\/06.jpg\" alt=\"\" srcset=\"http:\/\/e-matthias.com.pl\/wp-content\/uploads\/2019\/01\/06.jpg 520w, http:\/\/e-matthias.com.pl\/wp-content\/uploads\/2019\/01\/06-300x237.jpg 300w, http:\/\/e-matthias.com.pl\/wp-content\/uploads\/2019\/01\/06-230x182.jpg 230w, http:\/\/e-matthias.com.pl\/wp-content\/uploads\/2019\/01\/06-350x277.jpg 350w, http:\/\/e-matthias.com.pl\/wp-content\/uploads\/2019\/01\/06-480x379.jpg 480w\" sizes=\"auto, (max-width: 520px) 100vw, 520px\" \/><\/figure>\r\n\r\n\r\n\r\n<p><strong>Ze wzgl\u0119du na r\u00f3\u017cnorodno\u015b\u0107 typ\u00f3w balkon\u00f3w wycen\u0119 wykonujemy indywidualnie pod klienta.<\/strong><\/p>\r\n\r\n\r\n\r\n\r\n\r\n<p>&nbsp;<\/p>\r\n\r\n\r\n\r\n<figure class=\"wp-block-gallery columns-3 is-cropped wp-block-gallery-1 is-layout-flex wp-block-gallery-is-layout-flex\">\r\n<ul class=\"blocks-gallery-grid\">\r\n<li class=\"blocks-gallery-item\">\r\n<figure><a href=\"http:\/\/e-matthias.com.pl\/wp-content\/uploads\/2024\/05\/remont-balknow-2.jpg\"><img loading=\"lazy\" decoding=\"async\" class=\"wp-image-608 alignleft\" src=\"http:\/\/e-matthias.com.pl\/wp-content\/uploads\/2024\/05\/remont-balknow-2-225x300.jpg\" alt=\"\" width=\"299\" height=\"399\" srcset=\"http:\/\/e-matthias.com.pl\/wp-content\/uploads\/2024\/05\/remont-balknow-2-225x300.jpg 225w, http:\/\/e-matthias.com.pl\/wp-content\/uploads\/2024\/05\/remont-balknow-2-230x306.jpg 230w, http:\/\/e-matthias.com.pl\/wp-content\/uploads\/2024\/05\/remont-balknow-2-350x466.jpg 350w, http:\/\/e-matthias.com.pl\/wp-content\/uploads\/2024\/05\/remont-balknow-2.jpg 458w\" sizes=\"auto, (max-width: 299px) 100vw, 299px\" \/><\/a> <a href=\"http:\/\/e-matthias.com.pl\/wp-content\/uploads\/2024\/05\/remont-balknow-4.jpg\"><img loading=\"lazy\" decoding=\"async\" class=\"size-medium wp-image-609 alignleft\" src=\"http:\/\/e-matthias.com.pl\/wp-content\/uploads\/2024\/05\/remont-balknow-4-225x300.jpg\" alt=\"\" width=\"225\" height=\"300\" srcset=\"http:\/\/e-matthias.com.pl\/wp-content\/uploads\/2024\/05\/remont-balknow-4-225x300.jpg 225w, http:\/\/e-matthias.com.pl\/wp-content\/uploads\/2024\/05\/remont-balknow-4-230x306.jpg 230w, http:\/\/e-matthias.com.pl\/wp-content\/uploads\/2024\/05\/remont-balknow-4-350x466.jpg 350w, http:\/\/e-matthias.com.pl\/wp-content\/uploads\/2024\/05\/remont-balknow-4.jpg 458w\" sizes=\"auto, (max-width: 225px) 100vw, 225px\" \/><\/a><\/figure>\r\n<\/li>\r\n<li>&nbsp;<\/li>\r\n<li class=\"blocks-gallery-item\">\r\n<figure><img loading=\"lazy\" decoding=\"async\" width=\"670\" height=\"893\" class=\"wp-image-554\" src=\"http:\/\/e-matthias.com.pl\/wp-content\/uploads\/2019\/07\/IMG_20190412_181702.jpg\" alt=\"\" data-id=\"554\" data-link=\"http:\/\/e-matthias.com.pl\/?attachment_id=554\" srcset=\"http:\/\/e-matthias.com.pl\/wp-content\/uploads\/2019\/07\/IMG_20190412_181702.jpg 670w, http:\/\/e-matthias.com.pl\/wp-content\/uploads\/2019\/07\/IMG_20190412_181702-225x300.jpg 225w, http:\/\/e-matthias.com.pl\/wp-content\/uploads\/2019\/07\/IMG_20190412_181702-230x307.jpg 230w, http:\/\/e-matthias.com.pl\/wp-content\/uploads\/2019\/07\/IMG_20190412_181702-350x466.jpg 350w, http:\/\/e-matthias.com.pl\/wp-content\/uploads\/2019\/07\/IMG_20190412_181702-480x640.jpg 480w\" sizes=\"auto, (max-width: 670px) 100vw, 670px\" \/><\/figure>\r\n<\/li>\r\n<li class=\"blocks-gallery-item\">\r\n<figure><img loading=\"lazy\" decoding=\"async\" width=\"670\" height=\"893\" class=\"wp-image-555\" src=\"http:\/\/e-matthias.com.pl\/wp-content\/uploads\/2019\/07\/IMG_20190416_115152.jpg\" alt=\"\" data-id=\"555\" data-link=\"http:\/\/e-matthias.com.pl\/?attachment_id=555\" srcset=\"http:\/\/e-matthias.com.pl\/wp-content\/uploads\/2019\/07\/IMG_20190416_115152.jpg 670w, http:\/\/e-matthias.com.pl\/wp-content\/uploads\/2019\/07\/IMG_20190416_115152-225x300.jpg 225w, http:\/\/e-matthias.com.pl\/wp-content\/uploads\/2019\/07\/IMG_20190416_115152-230x307.jpg 230w, http:\/\/e-matthias.com.pl\/wp-content\/uploads\/2019\/07\/IMG_20190416_115152-350x466.jpg 350w, http:\/\/e-matthias.com.pl\/wp-content\/uploads\/2019\/07\/IMG_20190416_115152-480x640.jpg 480w\" sizes=\"auto, (max-width: 670px) 100vw, 670px\" \/><\/figure>\r\n<\/li>\r\n<li class=\"blocks-gallery-item\">\r\n<figure><img loading=\"lazy\" decoding=\"async\" width=\"670\" height=\"893\" class=\"wp-image-556\" src=\"http:\/\/e-matthias.com.pl\/wp-content\/uploads\/2019\/07\/IMG_20190423_130525.jpg\" alt=\"\" data-id=\"556\" data-link=\"http:\/\/e-matthias.com.pl\/?attachment_id=556\" srcset=\"http:\/\/e-matthias.com.pl\/wp-content\/uploads\/2019\/07\/IMG_20190423_130525.jpg 670w, http:\/\/e-matthias.com.pl\/wp-content\/uploads\/2019\/07\/IMG_20190423_130525-225x300.jpg 225w, http:\/\/e-matthias.com.pl\/wp-content\/uploads\/2019\/07\/IMG_20190423_130525-230x307.jpg 230w, http:\/\/e-matthias.com.pl\/wp-content\/uploads\/2019\/07\/IMG_20190423_130525-350x466.jpg 350w, http:\/\/e-matthias.com.pl\/wp-content\/uploads\/2019\/07\/IMG_20190423_130525-480x640.jpg 480w\" sizes=\"auto, (max-width: 670px) 100vw, 670px\" \/><\/figure>\r\n<\/li>\r\n<li class=\"blocks-gallery-item\">\r\n<figure><img loading=\"lazy\" decoding=\"async\" width=\"670\" height=\"893\" class=\"wp-image-557\" src=\"http:\/\/e-matthias.com.pl\/wp-content\/uploads\/2019\/07\/IMG_20190507_125937.jpg\" alt=\"\" data-id=\"557\" data-link=\"http:\/\/e-matthias.com.pl\/?attachment_id=557\" srcset=\"http:\/\/e-matthias.com.pl\/wp-content\/uploads\/2019\/07\/IMG_20190507_125937.jpg 670w, http:\/\/e-matthias.com.pl\/wp-content\/uploads\/2019\/07\/IMG_20190507_125937-225x300.jpg 225w, http:\/\/e-matthias.com.pl\/wp-content\/uploads\/2019\/07\/IMG_20190507_125937-230x307.jpg 230w, http:\/\/e-matthias.com.pl\/wp-content\/uploads\/2019\/07\/IMG_20190507_125937-350x466.jpg 350w, http:\/\/e-matthias.com.pl\/wp-content\/uploads\/2019\/07\/IMG_20190507_125937-480x640.jpg 480w\" sizes=\"auto, (max-width: 670px) 100vw, 670px\" \/><\/figure>\r\n<\/li>\r\n<li class=\"blocks-gallery-item\">\r\n<figure><img loading=\"lazy\" decoding=\"async\" width=\"670\" height=\"893\" class=\"wp-image-558\" src=\"http:\/\/e-matthias.com.pl\/wp-content\/uploads\/2019\/07\/IMG_20190508_125610.jpg\" alt=\"\" data-id=\"558\" data-link=\"http:\/\/e-matthias.com.pl\/?attachment_id=558\" srcset=\"http:\/\/e-matthias.com.pl\/wp-content\/uploads\/2019\/07\/IMG_20190508_125610.jpg 670w, http:\/\/e-matthias.com.pl\/wp-content\/uploads\/2019\/07\/IMG_20190508_125610-225x300.jpg 225w, http:\/\/e-matthias.com.pl\/wp-content\/uploads\/2019\/07\/IMG_20190508_125610-230x307.jpg 230w, http:\/\/e-matthias.com.pl\/wp-content\/uploads\/2019\/07\/IMG_20190508_125610-350x466.jpg 350w, http:\/\/e-matthias.com.pl\/wp-content\/uploads\/2019\/07\/IMG_20190508_125610-480x640.jpg 480w\" sizes=\"auto, (max-width: 670px) 100vw, 670px\" \/><\/figure>\r\n<\/li>\r\n<\/ul>\r\n<\/figure>\r\n\r\n\r\n\r\n<p>&nbsp;<\/p>\r\n\r\n\r\n\r\n<p>&nbsp;<\/p>\r\n","protected":false},"excerpt":{"rendered":"<p>TRADYCYJNY REMONT BALKONU skucie i u\u0142o\u017cenie nowej betonowej p\u0142yty spadkowej za\u0142o\u017cenie izolacji szlamowej zbrojonej wtopion\u0105 w\u0142\u00f3knin\u0105 i siatk\u0105 u\u0142o\u017cenie p\u0142ytek grysowych z [&hellip;]<\/p>\n","protected":false},"author":1,"featured_media":0,"parent":359,"menu_order":0,"comment_status":"closed","ping_status":"closed","template":"","meta":{"ngg_post_thumbnail":0,"footnotes":""},"class_list":["post-510","page","type-page","status-publish","hentry"],"_links":{"self":[{"href":"http:\/\/e-matthias.com.pl\/index.php?rest_route=\/wp\/v2\/pages\/510","targetHints":{"allow":["GET"]}}],"collection":[{"href":"http:\/\/e-matthias.com.pl\/index.php?rest_route=\/wp\/v2\/pages"}],"about":[{"href":"http:\/\/e-matthias.com.pl\/index.php?rest_route=\/wp\/v2\/types\/page"}],"author":[{"embeddable":true,"href":"http:\/\/e-matthias.com.pl\/index.php?rest_route=\/wp\/v2\/users\/1"}],"replies":[{"embeddable":true,"href":"http:\/\/e-matthias.com.pl\/index.php?rest_route=%2Fwp%2Fv2%2Fcomments&post=510"}],"version-history":[{"count":15,"href":"http:\/\/e-matthias.com.pl\/index.php?rest_route=\/wp\/v2\/pages\/510\/revisions"}],"predecessor-version":[{"id":613,"href":"http:\/\/e-matthias.com.pl\/index.php?rest_route=\/wp\/v2\/pages\/510\/revisions\/613"}],"up":[{"embeddable":true,"href":"http:\/\/e-matthias.com.pl\/index.php?rest_route=\/wp\/v2\/pages\/359"}],"wp:attachment":[{"href":"http:\/\/e-matthias.com.pl\/index.php?rest_route=%2Fwp%2Fv2%2Fmedia&parent=510"}],"curies":[{"name":"wp","href":"https:\/\/api.w.org\/{rel}","templated":true}]}}