{"id":359,"date":"2017-04-25T13:21:46","date_gmt":"2017-04-25T13:21:46","guid":{"rendered":"http:\/\/e-matthias.com.pl\/?page_id=359"},"modified":"2024-05-28T09:23:20","modified_gmt":"2024-05-28T09:23:20","slug":"oferta","status":"publish","type":"page","link":"http:\/\/e-matthias.com.pl\/?page_id=359","title":{"rendered":"Oferta"},"content":{"rendered":"<blockquote class=\"wp-embedded-content\" data-secret=\"LDLnXQ7KMh\"><p><a href=\"http:\/\/e-matthias.com.pl\/?page_id=244\">Prace wysoko\u015bciowe<\/a><\/p><\/blockquote>\n<p><iframe loading=\"lazy\" class=\"wp-embedded-content\" sandbox=\"allow-scripts\" security=\"restricted\" style=\"position: absolute; clip: rect(1px, 1px, 1px, 1px);\" title=\"&#8222;Prace wysoko\u015bciowe&#8221; &#8212; MATTHIAS\" src=\"http:\/\/e-matthias.com.pl\/?page_id=244&#038;embed=true#?secret=3pPvMHGPJi#?secret=LDLnXQ7KMh\" data-secret=\"LDLnXQ7KMh\" width=\"600\" height=\"338\" frameborder=\"0\" marginwidth=\"0\" marginheight=\"0\" scrolling=\"no\"><\/iframe><\/p>\n<p>&nbsp;<\/p>\n<blockquote class=\"wp-embedded-content\" data-secret=\"xurJ6Qs9L3\"><p><a href=\"http:\/\/e-matthias.com.pl\/?page_id=246\">Us\u0142ugi antykorozyjne<\/a><\/p><\/blockquote>\n<p><iframe loading=\"lazy\" class=\"wp-embedded-content\" sandbox=\"allow-scripts\" security=\"restricted\" style=\"position: absolute; clip: rect(1px, 1px, 1px, 1px);\" title=\"&#8222;Us\u0142ugi antykorozyjne&#8221; &#8212; MATTHIAS\" src=\"http:\/\/e-matthias.com.pl\/?page_id=246&#038;embed=true#?secret=Ufq5D3ioQI#?secret=xurJ6Qs9L3\" data-secret=\"xurJ6Qs9L3\" width=\"600\" height=\"338\" frameborder=\"0\" marginwidth=\"0\" marginheight=\"0\" scrolling=\"no\"><\/iframe><\/p>\n<blockquote class=\"wp-embedded-content\" data-secret=\"mcQx2GYiIe\"><p><a href=\"http:\/\/e-matthias.com.pl\/?page_id=399\">Us\u0142ugi Przemys\u0142owe<\/a><\/p><\/blockquote>\n<p><iframe loading=\"lazy\" class=\"wp-embedded-content\" sandbox=\"allow-scripts\" security=\"restricted\" style=\"position: absolute; clip: rect(1px, 1px, 1px, 1px);\" title=\"&#8222;Us\u0142ugi Przemys\u0142owe&#8221; &#8212; MATTHIAS\" src=\"http:\/\/e-matthias.com.pl\/?page_id=399&#038;embed=true#?secret=9TBUqBAMwb#?secret=mcQx2GYiIe\" data-secret=\"mcQx2GYiIe\" width=\"600\" height=\"338\" frameborder=\"0\" marginwidth=\"0\" marginheight=\"0\" scrolling=\"no\"><\/iframe><\/p>\n","protected":false},"excerpt":{"rendered":"<p>Prace wysoko\u015bciowe &nbsp; Us\u0142ugi antykorozyjne Us\u0142ugi Przemys\u0142owe<\/p>\n","protected":false},"author":1,"featured_media":0,"parent":0,"menu_order":0,"comment_status":"closed","ping_status":"closed","template":"","meta":{"ngg_post_thumbnail":0,"footnotes":""},"class_list":["post-359","page","type-page","status-publish","hentry"],"_links":{"self":[{"href":"http:\/\/e-matthias.com.pl\/index.php?rest_route=\/wp\/v2\/pages\/359","targetHints":{"allow":["GET"]}}],"collection":[{"href":"http:\/\/e-matthias.com.pl\/index.php?rest_route=\/wp\/v2\/pages"}],"about":[{"href":"http:\/\/e-matthias.com.pl\/index.php?rest_route=\/wp\/v2\/types\/page"}],"author":[{"embeddable":true,"href":"http:\/\/e-matthias.com.pl\/index.php?rest_route=\/wp\/v2\/users\/1"}],"replies":[{"embeddable":true,"href":"http:\/\/e-matthias.com.pl\/index.php?rest_route=%2Fwp%2Fv2%2Fcomments&post=359"}],"version-history":[{"count":8,"href":"http:\/\/e-matthias.com.pl\/index.php?rest_route=\/wp\/v2\/pages\/359\/revisions"}],"predecessor-version":[{"id":615,"href":"http:\/\/e-matthias.com.pl\/index.php?rest_route=\/wp\/v2\/pages\/359\/revisions\/615"}],"wp:attachment":[{"href":"http:\/\/e-matthias.com.pl\/index.php?rest_route=%2Fwp%2Fv2%2Fmedia&parent=359"}],"curies":[{"name":"wp","href":"https:\/\/api.w.org\/{rel}","templated":true}]}}