{"id":244,"date":"2017-04-24T10:23:40","date_gmt":"2017-04-24T10:23:40","guid":{"rendered":"http:\/\/e-matthias.com.pl\/?page_id=244"},"modified":"2018-08-07T10:26:57","modified_gmt":"2018-08-07T10:26:57","slug":"prace-wysokosciowe","status":"publish","type":"page","link":"http:\/\/e-matthias.com.pl\/?page_id=244","title":{"rendered":"Prace wysoko\u015bciowe"},"content":{"rendered":"<p>&nbsp;<\/p>\n<p><strong>Zakres us\u0142ug:<a href=\"http:\/\/e-matthias.com.pl\/wp-content\/uploads\/2017\/04\/Obraz-051.jpg\"><img loading=\"lazy\" decoding=\"async\" class=\"wp-image-280 alignright\" src=\"http:\/\/e-matthias.com.pl\/wp-content\/uploads\/2017\/04\/Obraz-051-300x224.jpg\" alt=\"\" width=\"195\" height=\"145\" srcset=\"http:\/\/e-matthias.com.pl\/wp-content\/uploads\/2017\/04\/Obraz-051-300x224.jpg 300w, http:\/\/e-matthias.com.pl\/wp-content\/uploads\/2017\/04\/Obraz-051-1024x766.jpg 1024w, http:\/\/e-matthias.com.pl\/wp-content\/uploads\/2017\/04\/Obraz-051-830x621.jpg 830w, http:\/\/e-matthias.com.pl\/wp-content\/uploads\/2017\/04\/Obraz-051-230x172.jpg 230w, http:\/\/e-matthias.com.pl\/wp-content\/uploads\/2017\/04\/Obraz-051-350x262.jpg 350w, http:\/\/e-matthias.com.pl\/wp-content\/uploads\/2017\/04\/Obraz-051-480x359.jpg 480w\" sizes=\"auto, (max-width: 195px) 100vw, 195px\" \/><\/a><\/strong><\/p>\n<p>&nbsp;<\/p>\n<p><strong>1. Us\u0142ugi monta\u017cowe i interwencyjne<\/strong><\/p>\n<ul>\n<li>ci\u0119cie i spawanie konstrukcji<\/li>\n<li>monta\u017c i konserwacja odgromnienia,<\/li>\n<li>prace blacharskie i dekarskie,<\/li>\n<li>wyburzanie komin\u00f3w ceramicznych,<\/li>\n<li>zbijanie &#8222;odparzonych&#8221; tynk\u00f3w oraz tynkowanie,<\/li>\n<li>ocieplanie trudno dost\u0119pnych fragment\u00f3w elewacji,<\/li>\n<li>spoinowanie \u0142\u0105cze\u0144 wielkop\u0142ytowych,<a href=\"http:\/\/e-matthias.com.pl\/wp-content\/uploads\/2017\/04\/asas-1.jpg\"><img loading=\"lazy\" decoding=\"async\" class=\" wp-image-311 alignright\" src=\"http:\/\/e-matthias.com.pl\/wp-content\/uploads\/2017\/04\/asas-1-224x300.jpg\" alt=\"\" width=\"189\" height=\"253\" srcset=\"http:\/\/e-matthias.com.pl\/wp-content\/uploads\/2017\/04\/asas-1-224x300.jpg 224w, http:\/\/e-matthias.com.pl\/wp-content\/uploads\/2017\/04\/asas-1-766x1024.jpg 766w, http:\/\/e-matthias.com.pl\/wp-content\/uploads\/2017\/04\/asas-1-830x1109.jpg 830w, http:\/\/e-matthias.com.pl\/wp-content\/uploads\/2017\/04\/asas-1-230x307.jpg 230w, http:\/\/e-matthias.com.pl\/wp-content\/uploads\/2017\/04\/asas-1-350x468.jpg 350w, http:\/\/e-matthias.com.pl\/wp-content\/uploads\/2017\/04\/asas-1-480x641.jpg 480w, http:\/\/e-matthias.com.pl\/wp-content\/uploads\/2017\/04\/asas-1.jpg 1712w\" sizes=\"auto, (max-width: 189px) 100vw, 189px\" \/><\/a><\/li>\n<li>usuwanie nawis\u00f3w \u015bnie\u017cno-lodowych,<\/li>\n<li>od\u015bnie\u017canie dach\u00f3w i konstrukcji przestrzennych,<\/li>\n<li>udra\u017cnianie rynien i rur spustowych,<\/li>\n<li>monta\u017c reklam, bilbord\u00f3w i ozd\u00f3b \u015bwi\u0105tecznych,<\/li>\n<li>monta\u017c &#8222;Stop-Ptak\u00f3w&#8221;,<\/li>\n<li>uroczyste ods\u0142anianie budynk\u00f3w,<\/li>\n<li>wycinka i piel\u0119gnacja drzew przy wsp\u00f3\u0142pracy z dendrologiem,<\/li>\n<li>akcje ratunkowe zwierz\u0105t z zapadlisk, studni itp. oraz \u015bci\u0105ganie kot\u00f3w z drzew przy wsp\u00f3\u0142pracy z weterynarzem.<\/li>\n<\/ul>\n<p>&nbsp;<\/p>\n<p><a href=\"http:\/\/e-matthias.com.pl\/wp-content\/uploads\/2017\/04\/dfsfsdfsd.jpg\"><img loading=\"lazy\" decoding=\"async\" class=\" wp-image-312 alignright\" src=\"http:\/\/e-matthias.com.pl\/wp-content\/uploads\/2017\/04\/dfsfsdfsd-224x300.jpg\" alt=\"\" width=\"189\" height=\"253\" srcset=\"http:\/\/e-matthias.com.pl\/wp-content\/uploads\/2017\/04\/dfsfsdfsd-224x300.jpg 224w, http:\/\/e-matthias.com.pl\/wp-content\/uploads\/2017\/04\/dfsfsdfsd-766x1024.jpg 766w, http:\/\/e-matthias.com.pl\/wp-content\/uploads\/2017\/04\/dfsfsdfsd-830x1109.jpg 830w, http:\/\/e-matthias.com.pl\/wp-content\/uploads\/2017\/04\/dfsfsdfsd-230x307.jpg 230w, http:\/\/e-matthias.com.pl\/wp-content\/uploads\/2017\/04\/dfsfsdfsd-350x468.jpg 350w, http:\/\/e-matthias.com.pl\/wp-content\/uploads\/2017\/04\/dfsfsdfsd-480x641.jpg 480w, http:\/\/e-matthias.com.pl\/wp-content\/uploads\/2017\/04\/dfsfsdfsd.jpg 1712w\" sizes=\"auto, (max-width: 189px) 100vw, 189px\" \/><\/a><\/p>\n<p>&nbsp;<\/p>\n<p><strong>2. Us\u0142ugi zabezpieczaj\u0105ce i antykorozyjne\u00a0 (odt\u0142uszczanie, czyszczenie i malowanie):<\/strong><\/p>\n<ul>\n<li>komin\u00f3w stalowych, ceramicznych i \u017celbetonowych,<\/li>\n<li>dach\u00f3w, rynien i rur stalowych,<\/li>\n<li>suwnic,<\/li>\n<li>silos\u00f3w i zbiornik\u00f3w,<\/li>\n<li>konstrukcji most\u00f3w, ruroci\u0105g\u00f3w i estakad,<\/li>\n<li>konstrukcji zap\u00f3r i stopni,<\/li>\n<li>s\u0142up\u00f3w o\u015bwietleniowych i wysokiego napi\u0119cia,<\/li>\n<li>maszt\u00f3w antenowych, lin stalowych, odci\u0105g\u00f3w,<\/li>\n<li>elewacji budynk\u00f3w<\/li>\n<\/ul>\n<p><a href=\"http:\/\/e-matthias.com.pl\/wp-content\/uploads\/2017\/04\/8-5-1.jpg\"><img loading=\"lazy\" decoding=\"async\" class=\"wp-image-337 alignright\" src=\"http:\/\/e-matthias.com.pl\/wp-content\/uploads\/2017\/04\/8-5-1-300x225.jpg\" alt=\"\" width=\"188\" height=\"141\" srcset=\"http:\/\/e-matthias.com.pl\/wp-content\/uploads\/2017\/04\/8-5-1-300x225.jpg 300w, http:\/\/e-matthias.com.pl\/wp-content\/uploads\/2017\/04\/8-5-1.jpg 1024w, http:\/\/e-matthias.com.pl\/wp-content\/uploads\/2017\/04\/8-5-1-830x623.jpg 830w, http:\/\/e-matthias.com.pl\/wp-content\/uploads\/2017\/04\/8-5-1-230x173.jpg 230w, http:\/\/e-matthias.com.pl\/wp-content\/uploads\/2017\/04\/8-5-1-350x263.jpg 350w, http:\/\/e-matthias.com.pl\/wp-content\/uploads\/2017\/04\/8-5-1-480x360.jpg 480w\" sizes=\"auto, (max-width: 188px) 100vw, 188px\" \/><\/a><\/p>\n<p>&nbsp;<\/p>\n<p>&nbsp;<\/p>\n<p>&nbsp;<\/p>\n<p>&nbsp;<\/p>\n","protected":false},"excerpt":{"rendered":"<p>&nbsp; Zakres us\u0142ug: &nbsp; 1. Us\u0142ugi monta\u017cowe i interwencyjne ci\u0119cie i spawanie konstrukcji monta\u017c i konserwacja odgromnienia, prace blacharskie i dekarskie, wyburzanie [&hellip;]<\/p>\n","protected":false},"author":1,"featured_media":0,"parent":359,"menu_order":0,"comment_status":"closed","ping_status":"closed","template":"","meta":{"ngg_post_thumbnail":0,"footnotes":""},"class_list":["post-244","page","type-page","status-publish","hentry"],"_links":{"self":[{"href":"http:\/\/e-matthias.com.pl\/index.php?rest_route=\/wp\/v2\/pages\/244","targetHints":{"allow":["GET"]}}],"collection":[{"href":"http:\/\/e-matthias.com.pl\/index.php?rest_route=\/wp\/v2\/pages"}],"about":[{"href":"http:\/\/e-matthias.com.pl\/index.php?rest_route=\/wp\/v2\/types\/page"}],"author":[{"embeddable":true,"href":"http:\/\/e-matthias.com.pl\/index.php?rest_route=\/wp\/v2\/users\/1"}],"replies":[{"embeddable":true,"href":"http:\/\/e-matthias.com.pl\/index.php?rest_route=%2Fwp%2Fv2%2Fcomments&post=244"}],"version-history":[{"count":8,"href":"http:\/\/e-matthias.com.pl\/index.php?rest_route=\/wp\/v2\/pages\/244\/revisions"}],"predecessor-version":[{"id":431,"href":"http:\/\/e-matthias.com.pl\/index.php?rest_route=\/wp\/v2\/pages\/244\/revisions\/431"}],"up":[{"embeddable":true,"href":"http:\/\/e-matthias.com.pl\/index.php?rest_route=\/wp\/v2\/pages\/359"}],"wp:attachment":[{"href":"http:\/\/e-matthias.com.pl\/index.php?rest_route=%2Fwp%2Fv2%2Fmedia&parent=244"}],"curies":[{"name":"wp","href":"https:\/\/api.w.org\/{rel}","templated":true}]}}