{"id":2,"date":"2016-03-14T13:30:21","date_gmt":"2016-03-14T13:30:21","guid":{"rendered":"http:\/\/e-matthias.com.pl\/?page_id=2"},"modified":"2019-01-02T11:46:13","modified_gmt":"2019-01-02T11:46:13","slug":"about","status":"publish","type":"page","link":"http:\/\/e-matthias.com.pl\/","title":{"rendered":"O firmie"},"content":{"rendered":"<p>MATTHIAS sp. z o.o. \u2013 to wiod\u0105cy dostawca specjalistycznych us\u0142ug wysoko\u015bciowych, budowlanych, przemys\u0142owych \u00a0i antykorozyjnych od lat zaliczany\u00a0 do \u015bcis\u0142ej polskiej czo\u0142\u00f3wki w swojej bran\u017cy.<\/p>\n<p>Nasza misja. O sukcesie firmy decyduje nie tylko nowoczesne zarz\u0105dzanie, ale sta\u0142a obserwacja tendencji rynkowych i sprawna logistyka oraz elastyczno\u015b\u0107 oferty wynikaj\u0105ca z dba\u0142o\u015bci o Klienta i nieustanne d\u0105\u017cenie do zaspakajania potrzeb dynamicznie zmieniaj\u0105cego si\u0119 rynku.<\/p>\n<p>Lata obecno\u015bci na polskim rynku pozwoli\u0142y na zdobycie szerokiej wiedzy, rozpoznania potrzeb rynku i stworzenie sprawnie zarz\u0105dzanej firmy o nowoczesnej strukturze.<\/p>\n","protected":false},"excerpt":{"rendered":"<p>MATTHIAS sp. z o.o. \u2013 to wiod\u0105cy dostawca specjalistycznych us\u0142ug wysoko\u015bciowych, budowlanych, przemys\u0142owych \u00a0i antykorozyjnych od lat zaliczany\u00a0 do \u015bcis\u0142ej polskiej czo\u0142\u00f3wki [&hellip;]<\/p>\n","protected":false},"author":1,"featured_media":0,"parent":0,"menu_order":0,"comment_status":"closed","ping_status":"closed","template":"","meta":{"ngg_post_thumbnail":0,"footnotes":""},"class_list":["post-2","page","type-page","status-publish","hentry"],"_links":{"self":[{"href":"http:\/\/e-matthias.com.pl\/index.php?rest_route=\/wp\/v2\/pages\/2","targetHints":{"allow":["GET"]}}],"collection":[{"href":"http:\/\/e-matthias.com.pl\/index.php?rest_route=\/wp\/v2\/pages"}],"about":[{"href":"http:\/\/e-matthias.com.pl\/index.php?rest_route=\/wp\/v2\/types\/page"}],"author":[{"embeddable":true,"href":"http:\/\/e-matthias.com.pl\/index.php?rest_route=\/wp\/v2\/users\/1"}],"replies":[{"embeddable":true,"href":"http:\/\/e-matthias.com.pl\/index.php?rest_route=%2Fwp%2Fv2%2Fcomments&post=2"}],"version-history":[{"count":34,"href":"http:\/\/e-matthias.com.pl\/index.php?rest_route=\/wp\/v2\/pages\/2\/revisions"}],"predecessor-version":[{"id":521,"href":"http:\/\/e-matthias.com.pl\/index.php?rest_route=\/wp\/v2\/pages\/2\/revisions\/521"}],"wp:attachment":[{"href":"http:\/\/e-matthias.com.pl\/index.php?rest_route=%2Fwp%2Fv2%2Fmedia&parent=2"}],"curies":[{"name":"wp","href":"https:\/\/api.w.org\/{rel}","templated":true}]}}